{"id":180,"date":"2024-07-31T21:15:41","date_gmt":"2024-08-01T03:15:41","guid":{"rendered":"https:\/\/tucontratista.com.mx\/?page_id=180"},"modified":"2024-10-10T14:26:51","modified_gmt":"2024-10-10T20:26:51","slug":"garantia","status":"publish","type":"page","link":"https:\/\/tucontratista.com.mx\/index.php\/contacto\/garantia\/","title":{"rendered":"Garant\u00eda"},"content":{"rendered":"\t\t<div data-elementor-type=\"wp-page\" data-elementor-id=\"180\" class=\"elementor elementor-180\" data-elementor-post-type=\"page\">\n\t\t\t\t<div class=\"elementor-element elementor-element-79868562 e-flex e-con-boxed e-con e-parent\" data-id=\"79868562\" data-element_type=\"container\" data-e-type=\"container\">\n\t\t\t\t\t<div class=\"e-con-inner\">\n\t\t\t\t<div class=\"elementor-element elementor-element-1e1163bb elementor-widget__width-inherit elementor-widget elementor-widget-image\" data-id=\"1e1163bb\" data-element_type=\"widget\" data-e-type=\"widget\" data-widget_type=\"image.default\">\n\t\t\t\t<div class=\"elementor-widget-container\">\n\t\t\t\t\t\t\t\t\t\t\t\t\t\t\t<img decoding=\"async\" src=\"https:\/\/tucontratista.com.mx\/wp-content\/uploads\/elementor\/thumbs\/garantia-de-contratista-cdmx-scaled-qsm8au6s3eh14hc5msl0hokdzm7htdlqp06zqrsl4w.jpg\" title=\"garant\u00eda de contratista CDMX\" alt=\"garant\u00eda de contratista CDMX\" loading=\"lazy\" \/>\t\t\t\t\t\t\t\t\t\t\t\t\t\t\t<\/div>\n\t\t\t\t<\/div>\n\t\t\t\t\t<\/div>\n\t\t\t\t<\/div>\n\t\t<div class=\"elementor-element elementor-element-43c03517 e-flex e-con-boxed e-con e-parent\" data-id=\"43c03517\" data-element_type=\"container\" data-e-type=\"container\" data-settings=\"{&quot;background_background&quot;:&quot;classic&quot;}\">\n\t\t\t\t\t<div class=\"e-con-inner\">\n\t\t\t\t<div class=\"elementor-element elementor-element-5cdbc29e elementor-widget elementor-widget-heading\" data-id=\"5cdbc29e\" data-element_type=\"widget\" data-e-type=\"widget\" data-widget_type=\"heading.default\">\n\t\t\t\t<div class=\"elementor-widget-container\">\n\t\t\t\t\t<h1 class=\"elementor-heading-title elementor-size-default\">Garant\u00eda de Calidad y Condiciones de Uso<\/h1>\t\t\t\t<\/div>\n\t\t\t\t<\/div>\n\t\t\t\t<div class=\"elementor-element elementor-element-31f11ced elementor-widget elementor-widget-heading\" data-id=\"31f11ced\" data-element_type=\"widget\" data-e-type=\"widget\" data-widget_type=\"heading.default\">\n\t\t\t\t<div class=\"elementor-widget-container\">\n\t\t\t\t\t<h6 class=\"elementor-heading-title elementor-size-default\">Tu hogar, tu estilo, nuestra pasi\u00f3n.<\/h6>\t\t\t\t<\/div>\n\t\t\t\t<\/div>\n\t\t\t\t\t<\/div>\n\t\t\t\t<\/div>\n\t\t<div class=\"elementor-element elementor-element-2cc1af9e e-flex e-con-boxed e-con e-parent\" data-id=\"2cc1af9e\" data-element_type=\"container\" data-e-type=\"container\">\n\t\t\t\t\t<div class=\"e-con-inner\">\n\t\t<div class=\"elementor-element elementor-element-e0fd959 e-con-full e-flex e-con e-child\" data-id=\"e0fd959\" data-element_type=\"container\" data-e-type=\"container\">\n\t\t\t\t<div class=\"elementor-element elementor-element-48ba2881 elementor-widget elementor-widget-text-editor\" data-id=\"48ba2881\" data-element_type=\"widget\" data-e-type=\"widget\" data-widget_type=\"text-editor.default\">\n\t\t\t\t<div class=\"elementor-widget-container\">\n\t\t\t\t\t\t\t\t\t<p>Ofrecemos una garant\u00eda de un a\u00f1o que cubre la mano de obra, los equipos y los materiales que suministramos directamente. Esta garant\u00eda asegura la calidad de nuestros servicios y productos, proporcion\u00e1ndote tranquilidad y respaldo durante este per\u00edodo.<\/p>\t\t\t\t\t\t\t\t<\/div>\n\t\t\t\t<\/div>\n\t\t\t\t<div class=\"elementor-element elementor-element-52f45116 elementor-widget elementor-widget-heading\" data-id=\"52f45116\" data-element_type=\"widget\" data-e-type=\"widget\" data-widget_type=\"heading.default\">\n\t\t\t\t<div class=\"elementor-widget-container\">\n\t\t\t\t\t<h2 class=\"elementor-heading-title elementor-size-default\">Exclusiones de la Garant\u00eda<\/h2>\t\t\t\t<\/div>\n\t\t\t\t<\/div>\n\t\t\t\t<div class=\"elementor-element elementor-element-45e4d188 elementor-widget elementor-widget-text-editor\" data-id=\"45e4d188\" data-element_type=\"widget\" data-e-type=\"widget\" data-widget_type=\"text-editor.default\">\n\t\t\t\t<div class=\"elementor-widget-container\">\n\t\t\t\t\t\t\t\t\t<p>Es importante destacar que la garant\u00eda no cubre los siguientes casos:<\/p><p>&#8211; Da\u00f1os ocasionados por descargas el\u00e9ctricas.<\/p><p>&#8211; Exposici\u00f3n a la humedad<\/p><p>&#8211; Incendios.<\/p><p>&#8211; Manipulaci\u00f3n indebida o mal uso del producto.<\/p><p>&#8211; Ca\u00eddas, actos de vandalismo o desastres naturales.<\/p>\t\t\t\t\t\t\t\t<\/div>\n\t\t\t\t<\/div>\n\t\t\t\t<div class=\"elementor-element elementor-element-d145007 elementor-widget elementor-widget-heading\" data-id=\"d145007\" data-element_type=\"widget\" data-e-type=\"widget\" data-widget_type=\"heading.default\">\n\t\t\t\t<div class=\"elementor-widget-container\">\n\t\t\t\t\t<h2 class=\"elementor-heading-title elementor-size-default\">Condiciones para Mantener la Garant\u00eda<\/h2>\t\t\t\t<\/div>\n\t\t\t\t<\/div>\n\t\t\t\t<div class=\"elementor-element elementor-element-41b718f9 elementor-widget elementor-widget-text-editor\" data-id=\"41b718f9\" data-element_type=\"widget\" data-e-type=\"widget\" data-widget_type=\"text-editor.default\">\n\t\t\t\t<div class=\"elementor-widget-container\">\n\t\t\t\t\t\t\t\t\t<p>Para asegurar la validez de la garant\u00eda, es esencial que sigas las siguientes indicaciones:<\/p><ul><li>Cumpla con las instrucciones de uso y realice el mantenimiento regular seg\u00fan nuestras recomendaciones.<\/li><li>No realice modificaciones al producto.<\/li><li>Conserve la factura como comprobante de la compra y garant\u00eda.<\/li><\/ul>\t\t\t\t\t\t\t\t<\/div>\n\t\t\t\t<\/div>\n\t\t\t\t<\/div>\n\t\t<div class=\"elementor-element elementor-element-37efa5e7 e-con-full e-flex e-con e-child\" data-id=\"37efa5e7\" data-element_type=\"container\" data-e-type=\"container\">\n\t\t\t\t<div class=\"elementor-element elementor-element-33e25b0 elementor-widget elementor-widget-image\" data-id=\"33e25b0\" data-element_type=\"widget\" data-e-type=\"widget\" data-widget_type=\"image.default\">\n\t\t\t\t<div class=\"elementor-widget-container\">\n\t\t\t\t\t\t\t\t\t\t\t\t\t\t\t<img fetchpriority=\"high\" decoding=\"async\" width=\"1707\" height=\"2560\" src=\"https:\/\/tucontratista.com.mx\/wp-content\/uploads\/2024\/08\/garantia-de-contratista-scaled.jpg\" class=\"attachment-full size-full wp-image-266\" alt=\"garant\u00eda de contratista\" srcset=\"https:\/\/tucontratista.com.mx\/wp-content\/uploads\/2024\/08\/garantia-de-contratista-scaled.jpg 1707w, https:\/\/tucontratista.com.mx\/wp-content\/uploads\/2024\/08\/garantia-de-contratista-200x300.jpg 200w, https:\/\/tucontratista.com.mx\/wp-content\/uploads\/2024\/08\/garantia-de-contratista-683x1024.jpg 683w, https:\/\/tucontratista.com.mx\/wp-content\/uploads\/2024\/08\/garantia-de-contratista-768x1152.jpg 768w, https:\/\/tucontratista.com.mx\/wp-content\/uploads\/2024\/08\/garantia-de-contratista-1024x1536.jpg 1024w, https:\/\/tucontratista.com.mx\/wp-content\/uploads\/2024\/08\/garantia-de-contratista-1365x2048.jpg 1365w\" sizes=\"(max-width: 1707px) 100vw, 1707px\" \/>\t\t\t\t\t\t\t\t\t\t\t\t\t\t\t<\/div>\n\t\t\t\t<\/div>\n\t\t\t\t<\/div>\n\t\t\t\t\t<\/div>\n\t\t\t\t<\/div>\n\t\t<div class=\"elementor-element elementor-element-660f06a7 e-flex e-con-boxed e-con e-parent\" data-id=\"660f06a7\" data-element_type=\"container\" data-e-type=\"container\">\n\t\t\t\t\t<div class=\"e-con-inner\">\n\t\t<div class=\"elementor-element elementor-element-cc9ccce e-con-full e-flex e-con e-child\" data-id=\"cc9ccce\" data-element_type=\"container\" data-e-type=\"container\">\n\t\t\t\t<div class=\"elementor-element elementor-element-629bc8a0 elementor-widget elementor-widget-heading\" data-id=\"629bc8a0\" data-element_type=\"widget\" data-e-type=\"widget\" data-widget_type=\"heading.default\">\n\t\t\t\t<div class=\"elementor-widget-container\">\n\t\t\t\t\t<h2 class=\"elementor-heading-title elementor-size-default\">Procedimiento en Caso de Problemas<\/h2>\t\t\t\t<\/div>\n\t\t\t\t<\/div>\n\t\t\t\t<\/div>\n\t\t<div class=\"elementor-element elementor-element-b90193 e-con-full e-flex e-con e-child\" data-id=\"b90193\" data-element_type=\"container\" data-e-type=\"container\">\n\t\t\t\t<div class=\"elementor-element elementor-element-6c03bdc3 elementor-widget__width-initial elementor-widget elementor-widget-text-editor\" data-id=\"6c03bdc3\" data-element_type=\"widget\" data-e-type=\"widget\" data-widget_type=\"text-editor.default\">\n\t\t\t\t<div class=\"elementor-widget-container\">\n\t\t\t\t\t\t\t\t\t<p>En caso de presentarse alg\u00fan inconveniente, te recomendamos que te pongas en contacto con nosotros de inmediato a trav\u00e9s de nuestros diferentes canales de atenci\u00f3n. Para hacer efectiva la garant\u00eda, uno de nuestros especialistas deber\u00e1 acudir al lugar para realizar una inspecci\u00f3n visual y determinar la causa del problema.<\/p>\t\t\t\t\t\t\t\t<\/div>\n\t\t\t\t<\/div>\n\t\t\t\t<\/div>\n\t\t\t\t\t<\/div>\n\t\t\t\t<\/div>\n\t\t<div class=\"elementor-element elementor-element-30d595 e-flex e-con-boxed e-con e-parent\" data-id=\"30d595\" data-element_type=\"container\" data-e-type=\"container\">\n\t\t\t\t\t<div class=\"e-con-inner\">\n\t\t\t\t<div class=\"elementor-element elementor-element-7046da8f elementor-widget__width-inherit elementor-widget elementor-widget-image\" data-id=\"7046da8f\" data-element_type=\"widget\" data-e-type=\"widget\" data-widget_type=\"image.default\">\n\t\t\t\t<div class=\"elementor-widget-container\">\n\t\t\t\t\t\t\t\t\t\t\t\t\t\t\t<img decoding=\"async\" src=\"https:\/\/tucontratista.com.mx\/wp-content\/uploads\/elementor\/thumbs\/Cerrando-tratso-con-tu-contratista-2-scaled-qsm1kdph7uk66ul1ok6ex0u1m1vdto9szk10i4oei8.jpg\" title=\"Garant\u00eda sobre el trabajo TuContratista\" alt=\"Garant\u00eda sobre el trabajo TuContratista\" loading=\"lazy\" \/>\t\t\t\t\t\t\t\t\t\t\t\t\t\t\t<\/div>\n\t\t\t\t<\/div>\n\t\t\t\t\t<\/div>\n\t\t\t\t<\/div>\n\t\t<div class=\"elementor-element elementor-element-17c4a21d e-flex e-con-boxed e-con e-parent\" data-id=\"17c4a21d\" data-element_type=\"container\" data-e-type=\"container\">\n\t\t\t\t\t<div class=\"e-con-inner\">\n\t\t\t\t<div class=\"elementor-element elementor-element-61b72c2f elementor-widget elementor-widget-heading\" data-id=\"61b72c2f\" data-element_type=\"widget\" data-e-type=\"widget\" data-widget_type=\"heading.default\">\n\t\t\t\t<div class=\"elementor-widget-container\">\n\t\t\t\t\t<h3 class=\"elementor-heading-title elementor-size-default\">Te brindamos garant\u00eda por escrito \u00bfAun tienes dudas? <\/h3>\t\t\t\t<\/div>\n\t\t\t\t<\/div>\n\t\t\t\t<div class=\"elementor-element elementor-element-7e632ff9 elementor-widget elementor-widget-text-editor\" data-id=\"7e632ff9\" data-element_type=\"widget\" data-e-type=\"widget\" data-widget_type=\"text-editor.default\">\n\t\t\t\t<div class=\"elementor-widget-container\">\n\t\t\t\t\t\t\t\t\t<p>Cont\u00e1ctanos hoy y solicita una cotizaci\u00f3n sin costo<\/p>\t\t\t\t\t\t\t\t<\/div>\n\t\t\t\t<\/div>\n\t\t\t\t<div class=\"elementor-element elementor-element-3f52a9e8 elementor-align-center elementor-widget elementor-widget-button\" data-id=\"3f52a9e8\" data-element_type=\"widget\" data-e-type=\"widget\" data-settings=\"{&quot;_animation&quot;:&quot;none&quot;}\" data-widget_type=\"button.default\">\n\t\t\t\t<div class=\"elementor-widget-container\">\n\t\t\t\t\t\t\t\t\t<div class=\"elementor-button-wrapper\">\n\t\t\t\t\t<a class=\"elementor-button elementor-button-link elementor-size-sm\" href=\"https:\/\/tucontratista.com.mx\/index.php\/contacto\/\">\n\t\t\t\t\t\t<span class=\"elementor-button-content-wrapper\">\n\t\t\t\t\t\t\t\t\t<span class=\"elementor-button-text\">Haz clic aqu\u00ed<\/span>\n\t\t\t\t\t<\/span>\n\t\t\t\t\t<\/a>\n\t\t\t\t<\/div>\n\t\t\t\t\t\t\t\t<\/div>\n\t\t\t\t<\/div>\n\t\t\t\t\t<\/div>\n\t\t\t\t<\/div>\n\t\t\t\t<\/div>\n\t\t","protected":false},"excerpt":{"rendered":"<p>Ofrecemos 1 a\u00f1o de garant\u00eda sobre la mano de obra y materiales, directamente con nosotros.<\/p>\n","protected":false},"author":1,"featured_media":226,"parent":39,"menu_order":2,"comment_status":"closed","ping_status":"closed","template":"elementor_theme","meta":{"_monsterinsights_skip_tracking":false,"_monsterinsights_sitenote_active":false,"_monsterinsights_sitenote_note":"","_monsterinsights_sitenote_category":0,"footnotes":""},"class_list":["post-180","page","type-page","status-publish","has-post-thumbnail","hentry"],"_links":{"self":[{"href":"https:\/\/tucontratista.com.mx\/index.php\/wp-json\/wp\/v2\/pages\/180","targetHints":{"allow":["GET"]}}],"collection":[{"href":"https:\/\/tucontratista.com.mx\/index.php\/wp-json\/wp\/v2\/pages"}],"about":[{"href":"https:\/\/tucontratista.com.mx\/index.php\/wp-json\/wp\/v2\/types\/page"}],"author":[{"embeddable":true,"href":"https:\/\/tucontratista.com.mx\/index.php\/wp-json\/wp\/v2\/users\/1"}],"replies":[{"embeddable":true,"href":"https:\/\/tucontratista.com.mx\/index.php\/wp-json\/wp\/v2\/comments?post=180"}],"version-history":[{"count":20,"href":"https:\/\/tucontratista.com.mx\/index.php\/wp-json\/wp\/v2\/pages\/180\/revisions"}],"predecessor-version":[{"id":579,"href":"https:\/\/tucontratista.com.mx\/index.php\/wp-json\/wp\/v2\/pages\/180\/revisions\/579"}],"up":[{"embeddable":true,"href":"https:\/\/tucontratista.com.mx\/index.php\/wp-json\/wp\/v2\/pages\/39"}],"wp:featuredmedia":[{"embeddable":true,"href":"https:\/\/tucontratista.com.mx\/index.php\/wp-json\/wp\/v2\/media\/226"}],"wp:attachment":[{"href":"https:\/\/tucontratista.com.mx\/index.php\/wp-json\/wp\/v2\/media?parent=180"}],"curies":[{"name":"wp","href":"https:\/\/api.w.org\/{rel}","templated":true}]}}