{"id":223,"date":"2024-08-14T14:01:43","date_gmt":"2024-08-14T20:01:43","guid":{"rendered":"https:\/\/tucontratista.com.mx\/?page_id=223"},"modified":"2024-10-17T12:29:23","modified_gmt":"2024-10-17T18:29:23","slug":"nosotros","status":"publish","type":"page","link":"https:\/\/tucontratista.com.mx\/index.php\/nosotros\/","title":{"rendered":"Nosotros"},"content":{"rendered":"\t\t<div data-elementor-type=\"wp-page\" data-elementor-id=\"223\" class=\"elementor elementor-223\" data-elementor-post-type=\"page\">\n\t\t\t\t<div class=\"elementor-element elementor-element-edd9e32 e-flex e-con-boxed e-con e-parent\" data-id=\"edd9e32\" data-element_type=\"container\" data-e-type=\"container\">\n\t\t\t\t\t<div class=\"e-con-inner\">\n\t\t\t\t<div class=\"elementor-element elementor-element-abfe24e elementor-widget__width-inherit elementor-widget elementor-widget-image\" data-id=\"abfe24e\" data-element_type=\"widget\" data-e-type=\"widget\" data-widget_type=\"image.default\">\n\t\t\t\t<div class=\"elementor-widget-container\">\n\t\t\t\t\t\t\t\t\t\t\t\t\t\t\t<img decoding=\"async\" src=\"https:\/\/tucontratista.com.mx\/wp-content\/uploads\/elementor\/thumbs\/hero-image-min-qlm18ux30oz9ov8d26i2vb8gvx76tqavye7gxot2xs.jpg\" title=\"Trabajo en equipo de tu contratista\" alt=\"Trabajo en equipo de tu contratista\" loading=\"lazy\" \/>\t\t\t\t\t\t\t\t\t\t\t\t\t\t\t<\/div>\n\t\t\t\t<\/div>\n\t\t\t\t\t<\/div>\n\t\t\t\t<\/div>\n\t\t<div class=\"elementor-element elementor-element-64c2f0c e-flex e-con-boxed e-con e-parent\" data-id=\"64c2f0c\" data-element_type=\"container\" data-e-type=\"container\" data-settings=\"{&quot;background_background&quot;:&quot;classic&quot;}\">\n\t\t\t\t\t<div class=\"e-con-inner\">\n\t\t\t\t<div class=\"elementor-element elementor-element-9c15c0d elementor-widget elementor-widget-heading\" data-id=\"9c15c0d\" data-element_type=\"widget\" data-e-type=\"widget\" data-widget_type=\"heading.default\">\n\t\t\t\t<div class=\"elementor-widget-container\">\n\t\t\t\t\t<h1 class=\"elementor-heading-title elementor-size-default\">Nosotros: TuContratista<\/h1>\t\t\t\t<\/div>\n\t\t\t\t<\/div>\n\t\t\t\t<div class=\"elementor-element elementor-element-7a5832d elementor-widget elementor-widget-heading\" data-id=\"7a5832d\" data-element_type=\"widget\" data-e-type=\"widget\" data-widget_type=\"heading.default\">\n\t\t\t\t<div class=\"elementor-widget-container\">\n\t\t\t\t\t<h6 class=\"elementor-heading-title elementor-size-default\">Tu hogar, tu estilo, nuestra pasi\u00f3n.<\/h6>\t\t\t\t<\/div>\n\t\t\t\t<\/div>\n\t\t\t\t\t<\/div>\n\t\t\t\t<\/div>\n\t\t<div class=\"elementor-element elementor-element-8546144 e-flex e-con-boxed e-con e-parent\" data-id=\"8546144\" data-element_type=\"container\" data-e-type=\"container\">\n\t\t\t\t\t<div class=\"e-con-inner\">\n\t\t<div class=\"elementor-element elementor-element-c323982 e-con-full e-flex e-con e-child\" data-id=\"c323982\" data-element_type=\"container\" data-e-type=\"container\">\n\t\t\t\t<div class=\"elementor-element elementor-element-80ab7ee elementor-widget elementor-widget-text-editor\" data-id=\"80ab7ee\" data-element_type=\"widget\" data-e-type=\"widget\" data-widget_type=\"text-editor.default\">\n\t\t\t\t<div class=\"elementor-widget-container\">\n\t\t\t\t\t\t\t\t\t<p>Somos un equipo de expertos en mantenimiento y construcci\u00f3n, con la experiencia y la creatividad para transformar espacios. En la Ciudad de M\u00e9xico, nos hemos ganado la confianza de nuestros clientes gracias a nuestro compromiso con la calidad y la atenci\u00f3n personalizada.<\/p>\t\t\t\t\t\t\t\t<\/div>\n\t\t\t\t<\/div>\n\t\t\t\t<\/div>\n\t\t<div class=\"elementor-element elementor-element-8c38059 e-con-full e-flex e-con e-child\" data-id=\"8c38059\" data-element_type=\"container\" data-e-type=\"container\">\n\t\t\t\t<div class=\"elementor-element elementor-element-9f202d6 elementor-widget elementor-widget-text-editor\" data-id=\"9f202d6\" data-element_type=\"widget\" data-e-type=\"widget\" data-widget_type=\"text-editor.default\">\n\t\t\t\t<div class=\"elementor-widget-container\">\n\t\t\t\t\t\t\t\t\t<p><b style=\"color: var( --e-global-color-text ); font-family: var( --e-global-typography-text-font-family ), Sans-serif; text-align: var(--text-align); font-size: 1rem;\">\u00bfNecesitas una reparaci\u00f3n r\u00e1pida, un proyecto de remodelaci\u00f3n o una instalaci\u00f3n completa?<\/b> <strong style=\"color: var( --e-global-color-text ); font-family: var( --e-global-typography-text-font-family ), Sans-serif; text-align: var(--text-align); font-size: 1rem;\"><span style=\"color: #189e88;\">\u00a1Nosotros lo hacemos!<\/span><\/strong><span style=\"color: var( --e-global-color-text ); font-family: var( --e-global-typography-text-font-family ), Sans-serif; font-weight: var( --e-global-typography-text-font-weight ); text-align: var(--text-align); font-size: 1rem;\"> Desde la instalaci\u00f3n de aires acondicionados hasta la construcci\u00f3n de espacios exteriores, nuestro equipo altamente capacitado se encarga de todo.<\/span><\/p>\t\t\t\t\t\t\t\t<\/div>\n\t\t\t\t<\/div>\n\t\t\t\t<\/div>\n\t\t\t\t\t<\/div>\n\t\t\t\t<\/div>\n\t\t<div class=\"elementor-element elementor-element-d0e5693 e-flex e-con-boxed e-con e-parent\" data-id=\"d0e5693\" data-element_type=\"container\" data-e-type=\"container\">\n\t\t\t\t\t<div class=\"e-con-inner\">\n\t\t\t\t<div class=\"elementor-element elementor-element-fc20bb5 elementor-widget elementor-widget-heading\" data-id=\"fc20bb5\" data-element_type=\"widget\" data-e-type=\"widget\" data-widget_type=\"heading.default\">\n\t\t\t\t<div class=\"elementor-widget-container\">\n\t\t\t\t\t<h2 class=\"elementor-heading-title elementor-size-default\">\u00bfQu\u00e9 nos hace diferentes?<\/h2>\t\t\t\t<\/div>\n\t\t\t\t<\/div>\n\t\t\t\t\t<\/div>\n\t\t\t\t<\/div>\n\t\t<div class=\"elementor-element elementor-element-ddb9f1d e-flex e-con-boxed e-con e-parent\" data-id=\"ddb9f1d\" data-element_type=\"container\" data-e-type=\"container\">\n\t\t\t\t\t<div class=\"e-con-inner\">\n\t\t<div class=\"elementor-element elementor-element-85e167b e-con-full e-flex e-con e-child\" data-id=\"85e167b\" data-element_type=\"container\" data-e-type=\"container\">\n\t\t\t\t<div class=\"elementor-element elementor-element-e661073 elementor-widget elementor-widget-heading\" data-id=\"e661073\" data-element_type=\"widget\" data-e-type=\"widget\" data-widget_type=\"heading.default\">\n\t\t\t\t<div class=\"elementor-widget-container\">\n\t\t\t\t\t<h3 class=\"elementor-heading-title elementor-size-default\">Visi\u00f3n<\/h3>\t\t\t\t<\/div>\n\t\t\t\t<\/div>\n\t\t\t\t<div class=\"elementor-element elementor-element-2c7cf75 elementor-widget elementor-widget-text-editor\" data-id=\"2c7cf75\" data-element_type=\"widget\" data-e-type=\"widget\" data-widget_type=\"text-editor.default\">\n\t\t\t\t<div class=\"elementor-widget-container\">\n\t\t\t\t\t\t\t\t\t<ol><li>Ser reconocidos como la empresa l\u00edder en servicios de mantenimiento y seguridad residencial.<\/li><li>Crear un entorno seguro y confortable para todas las familias que conf\u00edan en nuestros servicios.<\/li><li>Innovar constantemente para ofrecer soluciones de mantenimiento y seguridad m\u00e1s eficientes y efectivas.<\/li><li>Ser un referente en la implementaci\u00f3n de la filosof\u00eda Kaizen en el sector de servicios residenciales.<\/li><li>Expandir nuestros servicios a nuevas \u00e1reas geogr\u00e1ficas y mercados.<\/li><li>Desarrollar alianzas estrat\u00e9gicas que fortalezcan nuestra oferta de servicios.<\/li><li>Fomentar una cultura de mejora continua y excelencia entre nuestros empleados.<\/li><li>Ser un modelo de responsabilidad social y empresarial en nuestra comunidad.<\/li><li>Lograr la m\u00e1xima satisfacci\u00f3n del cliente a trav\u00e9s de un servicio excepcional y personalizado.<\/li><li>Mantener un crecimiento sostenible y rentable que beneficie a nuestros empleados, clientes y accionistas.<\/li><\/ol>\t\t\t\t\t\t\t\t<\/div>\n\t\t\t\t<\/div>\n\t\t\t\t<\/div>\n\t\t<div class=\"elementor-element elementor-element-b23f59d e-con-full e-flex e-con e-child\" data-id=\"b23f59d\" data-element_type=\"container\" data-e-type=\"container\" data-settings=\"{&quot;background_background&quot;:&quot;classic&quot;}\">\n\t\t\t\t<\/div>\n\t\t\t\t\t<\/div>\n\t\t\t\t<\/div>\n\t\t<div class=\"elementor-element elementor-element-424ad01 e-flex e-con-boxed e-con e-parent\" data-id=\"424ad01\" data-element_type=\"container\" data-e-type=\"container\">\n\t\t\t\t\t<div class=\"e-con-inner\">\n\t\t<div class=\"elementor-element elementor-element-9ec4bee e-con-full e-flex e-con e-child\" data-id=\"9ec4bee\" data-element_type=\"container\" data-e-type=\"container\" data-settings=\"{&quot;background_background&quot;:&quot;classic&quot;}\">\n\t\t\t\t<\/div>\n\t\t<div class=\"elementor-element elementor-element-fbbb3f7 e-con-full e-flex e-con e-child\" data-id=\"fbbb3f7\" data-element_type=\"container\" data-e-type=\"container\">\n\t\t\t\t<div class=\"elementor-element elementor-element-f74b2fa elementor-widget elementor-widget-heading\" data-id=\"f74b2fa\" data-element_type=\"widget\" data-e-type=\"widget\" data-widget_type=\"heading.default\">\n\t\t\t\t<div class=\"elementor-widget-container\">\n\t\t\t\t\t<h3 class=\"elementor-heading-title elementor-size-default\">Valores<\/h3>\t\t\t\t<\/div>\n\t\t\t\t<\/div>\n\t\t\t\t<div class=\"elementor-element elementor-element-b32d4ff elementor-widget elementor-widget-text-editor\" data-id=\"b32d4ff\" data-element_type=\"widget\" data-e-type=\"widget\" data-widget_type=\"text-editor.default\">\n\t\t\t\t<div class=\"elementor-widget-container\">\n\t\t\t\t\t\t\t\t\t<p>Honradez: Actuar con integridad y transparencia en todas nuestras acciones.<\/p><p>Puntualidad: Cumplir con los tiempos establecidos y respetar los compromisos adquiridos.<\/p><p>Higiene: Mantener altos est\u00e1ndares de limpieza y orden en todas nuestras operaciones.<\/p><p>Mejora Continua: Adoptar la filosof\u00eda Kaizen para mejorar constantemente nuestros procesos y servicios.<\/p><p>Responsabilidad: Asumir nuestras obligaciones y actuar con profesionalismo.<\/p><p>Innovaci\u00f3n: Buscar nuevas y mejores formas de realizar nuestro trabajo.<\/p><p>Calidad: Ofrecer servicios que superen las expectativas de nuestros clientes, creemos fielmente que todo aquello que no se puede medir no se puede mejorar.<\/p><p>Trabajo en Equipo: Fomentar la colaboraci\u00f3n y el apoyo mutuo entre nuestros empleados.<\/p><p>Respeto: Tratar a todos con dignidad y consideraci\u00f3n.<\/p><p>Compromiso: Dedicarnos plenamente a satisfacer las necesidades de nuestros clientes.<\/p>\t\t\t\t\t\t\t\t<\/div>\n\t\t\t\t<\/div>\n\t\t\t\t<\/div>\n\t\t\t\t\t<\/div>\n\t\t\t\t<\/div>\n\t\t<div class=\"elementor-element elementor-element-d2c26cb e-flex e-con-boxed e-con e-parent\" data-id=\"d2c26cb\" data-element_type=\"container\" data-e-type=\"container\">\n\t\t\t\t\t<div class=\"e-con-inner\">\n\t\t\t\t<div class=\"elementor-element elementor-element-6dd6f8c elementor-widget elementor-widget-image\" data-id=\"6dd6f8c\" data-element_type=\"widget\" data-e-type=\"widget\" data-widget_type=\"image.default\">\n\t\t\t\t<div class=\"elementor-widget-container\">\n\t\t\t\t\t\t\t\t\t\t\t\t\t\t\t<img fetchpriority=\"high\" decoding=\"async\" width=\"800\" height=\"393\" src=\"https:\/\/tucontratista.com.mx\/wp-content\/uploads\/2024\/03\/image-1-min.jpg\" class=\"attachment-large size-large wp-image-148\" alt=\"Servicios de contratista para la ciudad de M\u00e9xico\" srcset=\"https:\/\/tucontratista.com.mx\/wp-content\/uploads\/2024\/03\/image-1-min.jpg 960w, https:\/\/tucontratista.com.mx\/wp-content\/uploads\/2024\/03\/image-1-min-300x147.jpg 300w, https:\/\/tucontratista.com.mx\/wp-content\/uploads\/2024\/03\/image-1-min-768x377.jpg 768w\" sizes=\"(max-width: 800px) 100vw, 800px\" \/>\t\t\t\t\t\t\t\t\t\t\t\t\t\t\t<\/div>\n\t\t\t\t<\/div>\n\t\t\t\t\t<\/div>\n\t\t\t\t<\/div>\n\t\t<div class=\"elementor-element elementor-element-b422850 e-flex e-con-boxed e-con e-parent\" data-id=\"b422850\" data-element_type=\"container\" data-e-type=\"container\">\n\t\t\t\t\t<div class=\"e-con-inner\">\n\t\t\t\t<div class=\"elementor-element elementor-element-3b2f7cd elementor-widget elementor-widget-heading\" data-id=\"3b2f7cd\" data-element_type=\"widget\" data-e-type=\"widget\" data-widget_type=\"heading.default\">\n\t\t\t\t<div class=\"elementor-widget-container\">\n\t\t\t\t\t<h3 class=\"elementor-heading-title elementor-size-default\">\u00bfQu\u00e9 opinas de nuestros valores?<\/h3>\t\t\t\t<\/div>\n\t\t\t\t<\/div>\n\t\t\t\t<div class=\"elementor-element elementor-element-0d60a4e elementor-widget elementor-widget-text-editor\" data-id=\"0d60a4e\" data-element_type=\"widget\" data-e-type=\"widget\" data-widget_type=\"text-editor.default\">\n\t\t\t\t<div class=\"elementor-widget-container\">\n\t\t\t\t\t\t\t\t\t<p>Cont\u00e1ctanos hoy mismo y solicita una cotizaci\u00f3n sin costo<\/p>\t\t\t\t\t\t\t\t<\/div>\n\t\t\t\t<\/div>\n\t\t\t\t<div class=\"elementor-element elementor-element-c33ee6c elementor-align-center elementor-widget elementor-widget-button\" data-id=\"c33ee6c\" data-element_type=\"widget\" data-e-type=\"widget\" data-settings=\"{&quot;_animation&quot;:&quot;none&quot;}\" data-widget_type=\"button.default\">\n\t\t\t\t<div class=\"elementor-widget-container\">\n\t\t\t\t\t\t\t\t\t<div class=\"elementor-button-wrapper\">\n\t\t\t\t\t<a class=\"elementor-button elementor-button-link elementor-size-sm\" href=\"#\">\n\t\t\t\t\t\t<span class=\"elementor-button-content-wrapper\">\n\t\t\t\t\t\t\t\t\t<span class=\"elementor-button-text\">Haz clic aqu\u00ed<\/span>\n\t\t\t\t\t<\/span>\n\t\t\t\t\t<\/a>\n\t\t\t\t<\/div>\n\t\t\t\t\t\t\t\t<\/div>\n\t\t\t\t<\/div>\n\t\t\t\t\t<\/div>\n\t\t\t\t<\/div>\n\t\t\t\t<\/div>\n\t\t","protected":false},"excerpt":{"rendered":"<p>Contratistas en CDMX y Edo. M\u00e9xico. Especialistas en alba\u00f1iler\u00eda, carpinter\u00eda, electricidad, plomer\u00eda y m\u00e1s. Soluciones a medida para tu hogar o negocio. Ofrecemos servicios de mantenimiento y construcci\u00f3n personalizados. Desde peque\u00f1as reparaciones hasta grandes proyectos.<br \/>\n\u00a1Contacta con nosotros!<\/p>\n","protected":false},"author":1,"featured_media":225,"parent":0,"menu_order":2,"comment_status":"closed","ping_status":"closed","template":"elementor_theme","meta":{"_monsterinsights_skip_tracking":false,"_monsterinsights_sitenote_active":false,"_monsterinsights_sitenote_note":"","_monsterinsights_sitenote_category":0,"footnotes":""},"class_list":["post-223","page","type-page","status-publish","has-post-thumbnail","hentry"],"_links":{"self":[{"href":"https:\/\/tucontratista.com.mx\/index.php\/wp-json\/wp\/v2\/pages\/223","targetHints":{"allow":["GET"]}}],"collection":[{"href":"https:\/\/tucontratista.com.mx\/index.php\/wp-json\/wp\/v2\/pages"}],"about":[{"href":"https:\/\/tucontratista.com.mx\/index.php\/wp-json\/wp\/v2\/types\/page"}],"author":[{"embeddable":true,"href":"https:\/\/tucontratista.com.mx\/index.php\/wp-json\/wp\/v2\/users\/1"}],"replies":[{"embeddable":true,"href":"https:\/\/tucontratista.com.mx\/index.php\/wp-json\/wp\/v2\/comments?post=223"}],"version-history":[{"count":39,"href":"https:\/\/tucontratista.com.mx\/index.php\/wp-json\/wp\/v2\/pages\/223\/revisions"}],"predecessor-version":[{"id":848,"href":"https:\/\/tucontratista.com.mx\/index.php\/wp-json\/wp\/v2\/pages\/223\/revisions\/848"}],"wp:featuredmedia":[{"embeddable":true,"href":"https:\/\/tucontratista.com.mx\/index.php\/wp-json\/wp\/v2\/media\/225"}],"wp:attachment":[{"href":"https:\/\/tucontratista.com.mx\/index.php\/wp-json\/wp\/v2\/media?parent=223"}],"curies":[{"name":"wp","href":"https:\/\/api.w.org\/{rel}","templated":true}]}}